{"id":2416,"date":"2018-05-22T14:23:51","date_gmt":"2018-05-22T12:23:51","guid":{"rendered":"https:\/\/www.zirbenchalet-grossglockner.at\/?page_id=2416"},"modified":"2023-06-13T08:08:36","modified_gmt":"2023-06-13T06:08:36","slug":"datenschutzerklaerung","status":"publish","type":"page","link":"https:\/\/www.zirbenchalet-grossglockner.at\/de\/datenschutzerklaerung\/","title":{"rendered":"Datenschutzerkl\u00e4rung"},"content":{"rendered":"<div class=\"js-hide-when-old c-fhsection__inner ginger-pane__inner ginger-shift\">\n<div class=\"pht-wrapper pht-parent\">\n<div class=\"pht-layout \">\n<div class=\"pht-layout__item \">\n<div class=\"pht-colorbox pht-box--valign-top \">\n<div class=\"phtpb_item phtpb_text cf pht-mb phtpb_width--1plus phtpb_width--075plus phtpb_width--value10\">\n<h1>Datenschutzerkl\u00e4rung<\/h1>\n<h2>Sicherheit und Schutz Ihrer personenbezogenen Daten<\/h2>\n<p>Es ist uns ein wichtiges Anliegen, die von Ihnen bereitgestellten personenbezogenen Daten anl\u00e4sslich eines Besuches auf unserer Website zu sch\u00fctzen. Wir sind bem\u00fcht, personenbezogene Daten durch Ergreifung aller technischen und organisatorischen Ma\u00dfnahmen so zu speichern, dass sie f\u00fcr Dritte nicht zug\u00e4nglich sind. Um die Sicherheit Ihrer Daten bei der \u00dcbertragung zu sch\u00fctzen, verwenden wir dem aktuellen Stand der Technik entsprechende Verschl\u00fcsselungsverfahren (z. B. SSL) \u00fcber HTTPS.<\/p>\n<p>Wir verarbeiten Ihre Daten ausschlie\u00dflich auf Grundlage der gesetzlichen Bestimmungen (DSGVO, TKG 2003). In diesen Datenschutzinformationen informieren wir Sie \u00fcber die wichtigsten Aspekte der Datenverarbeitung im Rahmen unserer Website.<\/p>\n<h2>Information \u00fcber die Erhebung personenbezogener Daten<\/h2>\n<p>Im Folgenden informieren wir \u00fcber die Erhebung personenbezogener Daten bei Nutzung unserer Website. Personenbezogene Daten sind z.\u2009B. Name, Adresse, E-Mail-Adresse, Nutzerverhalten.<\/p>\n<h3>Erhebung personenbezogener Daten bei Ihrer Kontaktaufnahme mit uns<\/h3>\n<p>Bei einer Kontaktaufnahme mit uns per E-Mail oder \u00fcber das Kontaktformular werden die von Ihnen mitgeteilten Daten (Ihr Name, Ihre E-Mail-Adresse und Ihre Telefonnummer) von uns gespeichert, um Ihre Anfrage zu bearbeiten bzw. um Ihnen die angefragten Informationen zu liefern. Ohne Ihre Einwilligung erfolgt keine Weitergabe dieser personenbezogenen Daten an Dritte. Die in diesem Zusammenhang anfallenden Daten l\u00f6schen wir, nachdem die Speicherung nicht mehr erforderlich ist, es sei denn der L\u00f6schung stehen gesetzliche Aufbewahrungsfristen entgegen.<\/p>\n<h3>Erhebung personenbezogener Daten bei Ihrem Besuch unserer Website<\/h3>\n<p>Bei der blo\u00df informatorischen Nutzung unserer Website, also wenn Sie sich nicht registrieren oder uns anderweitig Informationen \u00fcbermitteln, erheben wir nur die personenbezogenen Daten, die Ihr Browser an unseren Server \u00fcbermittelt. Wenn Sie unsere Website betrachten m\u00f6chten, erheben wir die folgenden Daten, die f\u00fcr uns technisch erforderlich sind, um Ihnen unsere Website anzuzeigen und die Stabilit\u00e4t und Sicherheit zu gew\u00e4hrleisten:<\/p>\n<ul>\n<li>Ihre IP-Adresse<\/li>\n<li>Datum und Uhrzeit Ihrer Anfrage<\/li>\n<li>Zeitzonendifferenz zur Greenwich Mean Time (GMT)<\/li>\n<li>Inhalt Ihrer Anforderung (konkrete Seite)<\/li>\n<li>Zugriffsstatus\/HTTP-Statuscode<\/li>\n<li>jeweils \u00fcbertragene Datenmenge<\/li>\n<li>Website, von der Ihre Anforderung kommt<\/li>\n<li>Ihr Browser<\/li>\n<li>Ihr Betriebssystem und dessen Oberfl\u00e4che<\/li>\n<li>Sprache und Version Ihrer Browsersoftware.<\/li>\n<\/ul>\n<p>Diese Daten k\u00f6nnen ohne Pr\u00fcfung weiterer Datenquellen keinen bestimmten Personen zugeordnet werden und wir werten diese Daten auch nicht weiter aus solange keine rechtswidrige Nutzung unserer Website vorliegt.<\/p>\n<h2>Cookies<\/h2>\n<p>Wir verwenden so genannte Cookies auf unserer Website. Dabei handelt es sich um kleine Textdateien, die mit Hilfe des Browsers auf Ihrem Endger\u00e4t abgelegt werden. Sie richten keinen Schaden an.<br \/>\nWir nutzen Cookies dazu, unser Angebot nutzerfreundlich zu gestalten. Einige Cookies bleiben auf Ihrem Endger\u00e4t gespeichert, bis Sie diese l\u00f6schen. Sie erm\u00f6glichen es uns, Ihren Browser beim n\u00e4chsten Besuch wiederzuerkennen.<br \/>\nWenn Sie dies nicht w\u00fcnschen, so k\u00f6nnen Sie Ihren Browser so einrichten, dass er Sie \u00fcber das Setzen von Cookies informiert und Sie dies nur im Einzelfall erlauben.<br \/>\nBei der Deaktivierung von Cookies kann die Funktionalit\u00e4t unserer Website eingeschr\u00e4nkt sein.<br \/>\nInformationen zur Art der Cookies und zu den Gr\u00fcnde f\u00fcr ihre Verwendung finden Sie in unserer Cookie-Erkl\u00e4rung.<\/p>\n<h3>Cookie-Einwilligung<\/h3>\n<p>Beim erstmaligen Zugriff auf unsere Website erscheint ein \u201eCookie-Fenster\u201c, \u00fcber das wir Sie um Ihre Einwilligung zur Verarbeitung von Daten durch Cookies ersuchen. \u00dcber einen Link in unserer Datenschutzerkl\u00e4rung in dem Cookie-Fenster haben wir Sie gleichzeitig \u00fcber die Nutzung von Cookies informiert. Durch die Nutzung unserer Website nach Ihrer Best\u00e4tigung der Cookie-Nachricht haben Sie die Datenverarbeitung gem\u00e4\u00df den Bestimmungen der Cookie-Erkl\u00e4rung akzeptiert.<\/p>\n<span class=\"borlabs-cookie-open-dialog-preferences brlbs-cmpnt-container\" data-borlabs-cookie-title=\"Cookie-Einstellungen anpassen\" data-borlabs-cookie-type=\"button\" ><\/span>\n<h3>Cookie-Erkl\u00e4rung<\/h3>\n<p><strong>PHPSESSID (Session)<br \/>\n<\/strong>Zweck: Dieses Cookie speichert Ihre aktuelle Sitzung mit Bezug auf PHP-Anwendungen und gew\u00e4hrleistet so, dass alle Funktionen der Seite, die auf der PHP-Programmiersprache basieren, vollst\u00e4ndig angezeigt werden k\u00f6nnen.<br \/>\nSpeicherdauer: Wird nach einer Browsersitzung gel\u00f6scht.<\/p>\n<p><strong>cookie_notice_accepted<br \/>\n<\/strong>Zweck: Dieses Cookie speichert die Best\u00e4tigung des Benutzers betreffend der Cookie-Erkl\u00e4rung.<br \/>\nSpeicherdauer: 1 Monat<\/p>\n<p><strong>cf7msm_check<br \/>\n<\/strong>Zweck: Dieses Cookie wird durch ein Plugin generiert, dass wir f\u00fcr unsere Kontaktformulare verwenden. Mehr Informationen: <a href=\"https:\/\/contactform7.com\/\" target=\"_blank\" rel=\"noopener\">contactform7.com<\/a><br \/>\nSpeicherdauer: Wird nach einer Browsersitzung gel\u00f6scht.<\/p>\n<h4>Google<\/h4>\n<p><strong>NID<br \/>\n<\/strong>Zweck: Diese Cookies werden zur Verbesserung der Nutzerfreundlichkeit unserer Webseite genutzt. Google Maps speichert bis zu vier Cookies: khcookie, NID, SNID und PREF. Wir verwenden die interaktiven Karten von Google, da wir glauben, dass diese unseren Besuchern dabei n\u00fctzlich sind, den bestm\u00f6glichen Weg zu uns finden. Wir nutzen die Google Maps Tools auf Basis der <a href=\"http:\/\/www.google.co.uk\/intl\/de\/policies\/\" target=\"_blank\" rel=\"noopener\" data-track=\"yes\" data-category=\"InfoPage\" data-action=\"ExternalLink\" data-label=\"www.google.co.uk\/intl\/de\/policies\/ (cookies-policy)\">Datenschutzrichtlinie<\/a> und der <a href=\"http:\/\/www.google.com\/intl\/de\/help\/terms_maps.html\" target=\"_blank\" rel=\"noopener\" data-track=\"yes\" data-category=\"InfoPage\" data-action=\"ExternalLink\" data-label=\"www.google.com\/intl\/de\/help\/terms_maps.html (cookies-policy)\">Nutzungsbedingungen<\/a> von Google.<br \/>\nSpeicherdauer: 6 Monate \u2013 2 Jahre<\/p>\n<h4>Webanalyse, Monitoring und Optimierung<\/h4>\n<p>Die Webanalyse (auch als \u201eReichweitenmessung\u201c bezeichnet) dient der Auswertung der Besucherstr\u00f6me unseres Onlineangebotes und kann Verhalten, Interessen oder demographische Informationen zu den Besuchern, wie z.B. das Alter oder das Geschlecht, als pseudonyme Werte umfassen. Mit Hilfe der Reichweitenanalyse k\u00f6nnen wir z.B. erkennen, zu welcher Zeit unser Onlineangebot oder dessen Funktionen oder Inhalte am h\u00e4ufigsten genutzt werden oder zur Wiederverwendung einladen. Ebenso k\u00f6nnen wir nachvollziehen, welche Bereiche der Optimierung bed\u00fcrfen.<br \/>\nNeben der Webanalyse k\u00f6nnen wir auch Testverfahren einsetzen, um z.B. unterschiedliche Versionen unseres Onlineangebotes oder seiner Bestandteile zu testen und optimieren.<br \/>\nZu diesen Zwecken k\u00f6nnen sogenannte Nutzerprofile angelegt und in einer Datei (sogenannte \u201eCookie\u201c) gespeichert oder \u00e4hnliche Verfahren mit dem gleichen Zweck genutzt werden. Zu diesen Angaben k\u00f6nnen z.B. betrachtete Inhalte, besuchte Webseiten und dort genutzte Elemente und technische Angaben, wie der verwendete Browser, das verwendete Computersystem sowie Angaben zu Nutzungszeiten geh\u00f6ren. Sofern Nutzer in die Erhebung ihrer Standortdaten eingewilligt haben, k\u00f6nnen je nach Anbieter auch diese verarbeitet werden.<br \/>\nEs werden ebenfalls die IP-Adressen der Nutzer gespeichert. Jedoch nutzen wir ein IP-Masking-Verfahren (d.h., Pseudonymisierung durch K\u00fcrzung der IP-Adresse) zum Schutz der Nutzer. Generell werden die im Rahmen von Webanalyse, A\/B-Testings und Optimierung keine Klardaten der Nutzer (wie z.B. E-Mail-Adressen oder Namen) gespeichert, sondern Pseudonyme. D.h., wir als auch die Anbieter der eingesetzten Software kennen nicht die tats\u00e4chliche Identit\u00e4t der Nutzer, sondern nur den f\u00fcr Zwecke der jeweiligen Verfahren in deren Profilen gespeicherten Angaben.<\/p>\n<p><strong>Hinweise zu Rechtsgrundlagen:<\/strong>\u00a0Sofern wir die Nutzer um deren Einwilligung in den Einsatz der Drittanbieter bitten, ist die Rechtsgrundlage der Verarbeitung von Daten die Einwilligung. Ansonsten werden die Daten der Nutzer auf Grundlage unserer berechtigten Interessen (d.h. Interesse an effizienten, wirtschaftlichen und empf\u00e4ngerfreundlichen Leistungen) verarbeitet. In diesem Zusammenhang m\u00f6chten wir Sie auch auf die Informationen zur Verwendung von Cookies in dieser Datenschutzerkl\u00e4rung hinweisen.<\/p>\n<ol>\n<li><strong>Verarbeitete Datenarten:<\/strong>\u00a0Nutzungsdaten (z.B. besuchte Webseiten, Interesse an Inhalten, Zugriffszeiten), Meta-\/Kommunikationsdaten (z.B. Ger\u00e4te-Informationen, IP-Adressen).<\/li>\n<li><strong>Betroffene Personen:<\/strong>\u00a0Nutzer (z.B. Webseitenbesucher, Nutzer von Onlinediensten).<\/li>\n<li><strong>Zwecke der Verarbeitung:<\/strong>\u00a0Reichweitenmessung (z.B. Zugriffsstatistiken, Erkennung wiederkehrender Besucher), Tracking (z.B. interessens-\/verhaltensbezogenes Profiling, Nutzung von Cookies), Besuchsaktionsauswertung, Profiling (Erstellen von Nutzerprofilen).<\/li>\n<li><strong>Sicherheitsma\u00dfnahmen:<\/strong>\u00a0IP-Masking (Pseudonymisierung der IP-Adresse).<\/li>\n<li><strong>Rechtsgrundlagen:<\/strong>\u00a0Einwilligung (Art. 6 Abs. 1 S. 1 lit. a. DSGVO), Berechtigte Interessen (Art. 6 Abs. 1 S. 1 lit. f. DSGVO).<\/li>\n<\/ol>\n<h5><strong>Eingesetzte Dienste und Diensteanbieter:<\/strong><\/h5>\n<h5>1) <strong>Einsatz von Google Analytics 4<\/strong><\/h5>\n<p>(1) Diese Website benutzt Google Analytics 4, einen Webanalysedienst der Google Ireland Limited, Gordon House, Barrow Street, Dublin 4, Ireland (\u201eGoogle\u201c). Bei der Datenerhebung in Google Analytics 4 werden keine IP-Adressen protokolliert oder gespeichert. In Analytics werden alle IP-Adressen gel\u00f6scht, die von Nutzern in der EU erhoben werden, bevor sie \u00fcber EU-Domains und -Server aufgezeichnet werden.<\/p>\n<p>(2) In Analytics werden keine genauen Standortdaten bereitgestellt. Stattdessen werden die folgenden Metadaten von IP-Adressen abgeleitet: \u201eStadt\u201c (und der abgeleitete Breiten- und L\u00e4ngengrad der Stadt), \u201eKontinent\u201c, \u201eLand\u201c, \u201eRegion\u201c, \u201eSubkontinent\u201c (und die ID-basierten Entsprechungen). Bei aus der EU stammenden Zugriffen werden IP-Adressdaten nur zur Ableitung von Standortdaten verwendet und danach sofort gel\u00f6scht. Sie werden nicht protokolliert, sind nicht zug\u00e4nglich und werden auch nicht f\u00fcr weitere Anwendungsf\u00e4lle genutzt.<br \/>\nBei der Erhebung von Messdaten in Analytics erfolgen alle IP-Suchen auf EU-basierten Servern, bevor der Traffic zur Verarbeitung auf Analytics-Server weitergeleitet wird.<\/p>\n<p>(3) In Google Analytics\u00a04 werden alle Daten von Ger\u00e4ten, die sich in der EU befinden (basierend auf dem geografischen Standort laut IP-Adresse), \u00fcber Domains und Server in der EU erhoben, bevor der\u00a0<a href=\"https:\/\/support.google.com\/analytics\/answer\/11598602\">Traffic zur Verarbeitung an Analytics-Server weitergeleitet wird<\/a>.<\/p>\n<p>Wenn Sie derzeit eine\u00a0<a href=\"https:\/\/developers.google.com\/tag-platform\/tag-manager\/web\/csp\">Content Security Policy (CSP)<\/a>\u00a0verwenden, m\u00fcssen Sie Ihre Konfigurationen (img-src- und connection-src-Anweisungen) aktualisieren, damit die folgenden von Analytics verwendeten Domains zugelassen sind:<\/p>\n<ul>\n<li>*.google-analytics.com<\/li>\n<li>*.analytics.google.com<\/li>\n<\/ul>\n<p>(4) Wir nutzen Google Analytics, um die Nutzung unserer Website analysieren und regelm\u00e4\u00dfig verbessern zu k\u00f6nnen. \u00dcber die gewonnenen Statistiken k\u00f6nnen wir unser Angebot verbessern und f\u00fcr Sie als Nutzer interessanter ausgestalten. Rechtsgrundlage f\u00fcr die Nutzung von Google Analytics 4 ist Art. 6 Abs. 1 S. 1 lit. a DSGVO.<\/p>\n<p>(5) Informationen des Drittanbieters: Google Dublin, Google Ireland Ltd., Gordon House, Barrow Street, Dublin 4, Ireland, Fax: +353 (1) 436 1001. Nutzerbedingungen: <a href=\"https:\/\/policies.google.com\/terms?hl=de\">https:\/\/policies.google.com\/terms?hl=de<\/a>, sowie die Datenschutzerkl\u00e4rung: <a href=\"https:\/\/policies.google.com\/privacy?hl=de\">https:\/\/policies.google.com\/privacy?hl=de<\/a><\/p>\n<h5>2) <strong>Einsatz von Matomo<\/strong><\/h5>\n<p>(1) Diese Website nutzt den Webanalysedienst Matomo, um die Nutzung unserer Website analysieren, \u00fcberwachen und regelm\u00e4\u00dfig verbessern zu k\u00f6nnen. \u00dcber die gewonnenen Statistiken k\u00f6nnen wir unser Angebot verbessern und f\u00fcr Sie als Nutzer interessanter ausgestalten. Rechtsgrundlage f\u00fcr die Nutzung von Matomo ist Art. 6 Abs. 1 S. 1 lit. f DSGVO.<\/p>\n<p>(2) F\u00fcr diese Auswertung werden Cookies auf Ihrem Computer gespeichert. Die so erhobenen Informationen speichern wir ausschlie\u00dflich auf unserem Server. Die Auswertung k\u00f6nnen Sie einstellen durch L\u00f6schung vorhandener Cookies und die Verhinderung der Speicherung von Cookies. Wenn Sie die Speicherung der Cookies verhindern, weisen wir darauf hin, dass Sie gegebenenfalls diese Website nicht vollumf\u00e4nglich nutzen k\u00f6nnen. Die Verhinderung der Speicherung von Cookies ist durch die Einstellung in ihrem Browser m\u00f6glich.<\/p>\n<p>(3) Diese Website verwendet Matomo mit der Einstellung \u201eAnonymizeIP\u201c. Dadurch werden IP-Adressen gek\u00fcrzt weiterverarbeitet, eine direkte Personenbeziehbarkeit kann damit ausgeschlossen werden. Die mittels Matomo von Ihrem Browser \u00fcbermittelte IP-Adresse wird nicht mit anderen von uns erhobenen Daten zusammengef\u00fchrt.<\/p>\n<p>(4) Das Programm Matomo ist ein Open-Source-Projekt. Informationen des Drittanbieters zum Datenschutz erhalten Sie unter <a href=\"https:\/\/matomo.org\/privacy-policy\/\">https:\/\/matomo.org\/privacy-policy\/<\/a>.<\/p>\n<p><strong>Umfang der Verarbeitung<\/strong><br \/>\nGoogle Analytics verwendet Cookies, die eine Analyse der Benutzung unserer Webseiten durch Sie erm\u00f6glichen. Die mittels der Cookies erhobenen Informationen \u00fcber Ihre Benutzung dieser Website werden in der Regel an einen Server von Google in den USA \u00fcbertragen und dort gespeichert.<\/p>\n<p>Bei Google Analytics 4 ist die Anonymisierung von IP-Adressen standardm\u00e4\u00dfig aktiviert. Aufgrund der IP-Anonymisierung wird Ihre IP-Adresse von Google innerhalb von Mitgliedstaaten der Europ\u00e4ischen Union oder in anderen Vertragsstaaten des Abkommens \u00fcber den Europ\u00e4ischen Wirtschaftsraum gek\u00fcrzt. Nur in Ausnahmef\u00e4llen wird die volle IP-Adresse an einen Server von Google in den USA \u00fcbertragen und dort gek\u00fcrzt. Die im Rahmen von Google Analytics von Ihrem Browser \u00fcbermittelte IP-Adresse wird laut Google nicht mit anderen Daten von Google zusammengef\u00fchrt.<br \/>\nW\u00e4hrend Ihres Website-Besuchs wird Ihr Nutzerverhalten in Form von \u201eEreignissen\u201c erfasst. Ereignisse k\u00f6nnen sein:<\/p>\n<ul>\n<li>Seitenaufrufe<\/li>\n<li>Erstmaliger Besuch der Website<\/li>\n<li>Start der Sitzung<\/li>\n<li>Ihr \u201eKlickpfad\u201c, Interaktion mit der Website<\/li>\n<li>Scrolls (immer wenn ein Nutzer bis zum Seitenende (90%) scrollt)<\/li>\n<li>Klicks auf externe Links<\/li>\n<li>interne Suchanfragen<\/li>\n<li>Interaktion mit Videos<\/li>\n<li>Dateidownloads<\/li>\n<li>gesehene \/ angeklickte Anzeigen<\/li>\n<li>Spracheinstellung<\/li>\n<\/ul>\n<p>Au\u00dferdem wird erfasst:<\/p>\n<ul>\n<li>Ihr ungef\u00e4hrer Standort (Region)<\/li>\n<li>Ihre IP-Adresse (in gek\u00fcrzter Form)<\/li>\n<li>technische Informationen zu Ihrem Browser und den von Ihnen genutzten Endger\u00e4ten (z.B. Spracheinstellung, Bildschirmaufl\u00f6sung)<\/li>\n<li>Ihr Internetanbieter<\/li>\n<li>die Referrer-URL (\u00fcber welche Website\/ \u00fcber welches Werbemittel Sie auf diese Website gekommen sind)<\/li>\n<\/ul>\n<p><strong>Zwecke der Verarbeitung<\/strong><br \/>\nIm Auftrag des Betreibers dieser Website wird Google diese Informationen benutzen, um Ihre Nutzung der Website auszuwerten und um Reports \u00fcber die Website-Aktivit\u00e4ten zusammenzustellen. Die durch Google Analytics bereitgestellten Reports dienen der Analyse der Leistung unserer Website und des Erfolgs unserer Marketing-Kampagnen.<\/p>\n<p><strong>Empf\u00e4nger<\/strong><br \/>\nEmpf\u00e4nger der Daten sind\/k\u00f6nnen sein<\/p>\n<ul>\n<li>Google Ireland Limited, Gordon House, Barrow Street, Dublin 4, Irland (als Auftragsverarbeiter nach Art. 28 DSGVO)<\/li>\n<li>Google LLC, 1600 Amphitheatre Parkway Mountain View, CA 94043, USA<\/li>\n<li>Alphabet Inc., 1600 Amphitheatre Parkway Mountain View, CA 94043, USA<\/li>\n<\/ul>\n<p>Es ist nicht auszuschlie\u00dfen, dass US-amerikanische Beh\u00f6rden auf die bei Google gespeicherten Daten zugreifen.<\/p>\n<h2>Verwendung von Google reCAPTCHA<\/h2>\n<p>Um f\u00fcr ausreichend Datensicherheit bei der \u00dcbermittlung von Formularen Sorge zu tragen, wird auf dieser Website der Service reCAPTCHA der Google Inc. (\u201eGoogle\u201c) eingesetzt. Anbieter ist die Google Inc., 1600 Amphitheatre Parkway Mountain View, CA 94043, USA. Google ist als Empf\u00e4nger der Daten nach dem EU-US Privacy Shield Framework zertifiziert.<br \/>\nGoogle reCAPTCHA dient vor allem zur Unterscheidung, ob die Eingabe durch eine nat\u00fcrliche Person erfolgt oder missbr\u00e4uchlich durch maschinelle und automatisierte Verarbeitung. Der Service inkludiert den Versand der IP-Adresse und ggf. weiterer von Google f\u00fcr den Dienst reCAPTCHA ben\u00f6tigter Daten an Google ein. Hierf\u00fcr gelten die abweichenden Datenschutzbestimmungen von Google. Weitere Informationen zu den Datenschutzrichtlinien von Google finden Sie unter <a href=\"http:\/\/www.google.de\/intl\/de\/privacy\" target=\"_blank\" rel=\"noopener\">http:\/\/www.google.de\/intl\/de\/privacy<\/a> oder <a href=\"https:\/\/www.google.com\/intl\/de\/policies\/privacy\/\" target=\"_blank\" rel=\"noopener\">https:\/\/www.google.com\/intl\/de\/policies\/privacy\/<\/a><\/p>\n<h2>Dauer, f\u00fcr die Ihre personenbezogenen Daten gespeichert werden<\/h2>\n<p>Das Kriterium f\u00fcr die Dauer der Speicherung von personenbezogenen Daten ist die jeweilige gesetzliche Aufbewahrungsfrist. Nach Ablauf der Frist werden die entsprechenden Daten routinem\u00e4\u00dfig gel\u00f6scht, sofern sie nicht mehr zur Vertragserf\u00fcllung oder Vertragsanbahnung erforderlich sind.<\/p>\n<h2>Ihre Rechte<\/h2>\n<p>Ihnen stehen bei Vorliegen der gesetzlichen Voraussetzungen die Rechte auf Auskunft, Berichtigung, L\u00f6schung (\u201eRecht auf vergessen werden\u201c), Einschr\u00e4nkung der Verarbeitung, Daten\u00fcbertragbarkeit, Widerruf Ihrer Einwilligung und Widerspruch zu.<br \/>\nSie haben auch das Recht sich bei der Aufsichtsbeh\u00f6rde zu beschweren, wenn Sie der Ansicht sind, dass die Verarbeitung Ihrer personenbezogenen Daten gegen das Datenschutzrecht verst\u00f6\u00dft oder Ihre datenschutzrechtlichen Anspr\u00fcche sonst in einer Weise verletzt worden sind. In \u00d6sterreich ist die zust\u00e4ndige Aufsichtsbeh\u00f6rde die \u00d6sterreichische Datenschutzbeh\u00f6rde (DSB).<\/p>\n<h2>\u00c4nderung dieser Datenschutzbestimmungen<\/h2>\n<p>Wir behalten uns vor, diese Datenschutzerkl\u00e4rung bei Bedarf anzupassen, um stets den aktuellen rechtlichen Anforderungen zu entsprechen oder \u00c4nderungen unseres Leistungsportfolios in der Datenschutzerkl\u00e4rung nachzukommen. F\u00fcr Ihren erneuten Besuch gilt dann die neue Datenschutzerkl\u00e4rung, die Sie mit Nutzung unserer Website akzeptieren.<\/p>\n<\/div>\n<\/div>\n<\/div>\n<\/div>\n<\/div>\n<\/div>\n","protected":false},"excerpt":{"rendered":"<p>Datenschutzerkl\u00e4rung Sicherheit und Schutz Ihrer personenbezogenen Daten Es ist uns ein wichtiges Anliegen, die von Ihnen bereitgestellten personenbezogenen Daten anl\u00e4sslich eines Besuches auf unserer Website zu sch\u00fctzen. Wir sind bem\u00fcht, personenbezogene Daten durch Ergreifung aller technischen und organisatorischen Ma\u00dfnahmen so zu speichern, dass sie f\u00fcr Dritte nicht zug\u00e4nglich sind. Um die Sicherheit Ihrer Daten bei [&hellip;]<\/p>\n","protected":false},"author":1,"featured_media":0,"parent":0,"menu_order":0,"comment_status":"closed","ping_status":"closed","template":"","meta":{"footnotes":""},"class_list":["post-2416","page","type-page","status-publish","hentry"],"_links":{"self":[{"href":"https:\/\/www.zirbenchalet-grossglockner.at\/de\/wp-json\/wp\/v2\/pages\/2416","targetHints":{"allow":["GET"]}}],"collection":[{"href":"https:\/\/www.zirbenchalet-grossglockner.at\/de\/wp-json\/wp\/v2\/pages"}],"about":[{"href":"https:\/\/www.zirbenchalet-grossglockner.at\/de\/wp-json\/wp\/v2\/types\/page"}],"author":[{"embeddable":true,"href":"https:\/\/www.zirbenchalet-grossglockner.at\/de\/wp-json\/wp\/v2\/users\/1"}],"replies":[{"embeddable":true,"href":"https:\/\/www.zirbenchalet-grossglockner.at\/de\/wp-json\/wp\/v2\/comments?post=2416"}],"version-history":[{"count":1,"href":"https:\/\/www.zirbenchalet-grossglockner.at\/de\/wp-json\/wp\/v2\/pages\/2416\/revisions"}],"predecessor-version":[{"id":3522,"href":"https:\/\/www.zirbenchalet-grossglockner.at\/de\/wp-json\/wp\/v2\/pages\/2416\/revisions\/3522"}],"wp:attachment":[{"href":"https:\/\/www.zirbenchalet-grossglockner.at\/de\/wp-json\/wp\/v2\/media?parent=2416"}],"curies":[{"name":"wp","href":"https:\/\/api.w.org\/{rel}","templated":true}]}}